{"id":7,"date":"2024-04-15T17:30:13","date_gmt":"2024-04-15T15:30:13","guid":{"rendered":"http:\/\/longminds.de\/?page_id=7"},"modified":"2024-04-29T23:22:30","modified_gmt":"2024-04-29T21:22:30","slug":"startseite","status":"publish","type":"page","link":"https:\/\/longminds.de\/en\/","title":{"rendered":"Home"},"content":{"rendered":"<p>Willkommen auf deiner Website! Das ist die Homepage, die die meisten deiner Besucher sehen werden, wenn sie deine Website zum ersten Mal aufrufen.<\/p>","protected":false},"excerpt":{"rendered":"<p>Willkommen auf deiner Website! Das ist die Homepage, die die meisten deiner Besucher sehen werden, wenn sie deine Website zum ersten Mal aufrufen.<\/p>","protected":false},"author":1,"featured_media":0,"parent":0,"menu_order":0,"comment_status":"closed","ping_status":"closed","template":"","meta":{"footnotes":""},"class_list":["post-7","page","type-page","status-publish","hentry"],"yoast_head":"<!-- This site is optimized with the Yoast SEO plugin v22.5 - https:\/\/yoast.com\/wordpress\/plugins\/seo\/ -->\n<title>Startseite - longminds<\/title>\n<meta name=\"description\" content=\"Entdecken Sie das Potenzial ukrainischer IT-Entwickler f\u00fcr Ihre Projekte. Mit \u00fcber 25 Jahren Erfahrung bieten wir ma\u00dfgeschneiderte L\u00f6sungen.\" \/>\n<meta name=\"robots\" content=\"index, follow, max-snippet:-1, max-image-preview:large, max-video-preview:-1\" \/>\n<link rel=\"canonical\" href=\"https:\/\/longminds.de\/en\/\" \/>\n<meta property=\"og:locale\" content=\"en_US\" \/>\n<meta property=\"og:type\" content=\"article\" \/>\n<meta property=\"og:title\" content=\"Startseite - longminds\" \/>\n<meta property=\"og:description\" content=\"Entdecken Sie das Potenzial ukrainischer IT-Entwickler f\u00fcr Ihre Projekte. Mit \u00fcber 25 Jahren Erfahrung bieten wir ma\u00dfgeschneiderte L\u00f6sungen.\" \/>\n<meta property=\"og:url\" content=\"https:\/\/longminds.de\/en\/\" \/>\n<meta property=\"og:site_name\" content=\"longminds\" \/>\n<meta property=\"article:modified_time\" content=\"2024-04-29T21:22:30+00:00\" \/>\n<meta name=\"twitter:card\" content=\"summary_large_image\" \/>\n<meta name=\"twitter:label1\" content=\"Est. reading time\" \/>\n\t<meta name=\"twitter:data1\" content=\"1 minute\" \/>\n<script type=\"application\/ld+json\" class=\"yoast-schema-graph\">{\"@context\":\"https:\/\/schema.org\",\"@graph\":[{\"@type\":\"WebPage\",\"@id\":\"http:\/\/longminds.de\/\",\"url\":\"http:\/\/longminds.de\/\",\"name\":\"Startseite - longminds\",\"isPartOf\":{\"@id\":\"https:\/\/longminds.de\/#website\"},\"datePublished\":\"2024-04-15T15:30:13+00:00\",\"dateModified\":\"2024-04-29T21:22:30+00:00\",\"description\":\"Entdecken Sie das Potenzial ukrainischer IT-Entwickler f\u00fcr Ihre Projekte. Mit \u00fcber 25 Jahren Erfahrung bieten wir ma\u00dfgeschneiderte L\u00f6sungen.\",\"breadcrumb\":{\"@id\":\"http:\/\/longminds.de\/#breadcrumb\"},\"inLanguage\":\"en-US\",\"potentialAction\":[{\"@type\":\"ReadAction\",\"target\":[\"http:\/\/longminds.de\/\"]}]},{\"@type\":\"BreadcrumbList\",\"@id\":\"http:\/\/longminds.de\/#breadcrumb\",\"itemListElement\":[{\"@type\":\"ListItem\",\"position\":1,\"name\":\"Startseite\",\"item\":\"http:\/\/longminds.de\/\"},{\"@type\":\"ListItem\",\"position\":2,\"name\":\"Startseite\"}]},{\"@type\":\"WebSite\",\"@id\":\"https:\/\/longminds.de\/#website\",\"url\":\"https:\/\/longminds.de\/\",\"name\":\"longminds\",\"description\":\"\",\"publisher\":{\"@id\":\"https:\/\/longminds.de\/#organization\"},\"potentialAction\":[{\"@type\":\"SearchAction\",\"target\":{\"@type\":\"EntryPoint\",\"urlTemplate\":\"https:\/\/longminds.de\/?s={search_term_string}\"},\"query-input\":\"required name=search_term_string\"}],\"inLanguage\":\"en-US\"},{\"@type\":\"Organization\",\"@id\":\"https:\/\/longminds.de\/#organization\",\"name\":\"longminds\",\"url\":\"https:\/\/longminds.de\/\",\"logo\":{\"@type\":\"ImageObject\",\"inLanguage\":\"en-US\",\"@id\":\"https:\/\/longminds.de\/#\/schema\/logo\/image\/\",\"url\":\"https:\/\/longminds.de\/wp-content\/uploads\/2024\/04\/cropped-logo_longminds_white_150_86.png\",\"contentUrl\":\"https:\/\/longminds.de\/wp-content\/uploads\/2024\/04\/cropped-logo_longminds_white_150_86.png\",\"width\":150,\"height\":86,\"caption\":\"longminds\"},\"image\":{\"@id\":\"https:\/\/longminds.de\/#\/schema\/logo\/image\/\"}}]}<\/script>\n<!-- \/ Yoast SEO plugin. -->","yoast_head_json":{"title":"Startseite - longminds","description":"Entdecken Sie das Potenzial ukrainischer IT-Entwickler f\u00fcr Ihre Projekte. Mit \u00fcber 25 Jahren Erfahrung bieten wir ma\u00dfgeschneiderte L\u00f6sungen.","robots":{"index":"index","follow":"follow","max-snippet":"max-snippet:-1","max-image-preview":"max-image-preview:large","max-video-preview":"max-video-preview:-1"},"canonical":"https:\/\/longminds.de\/en\/","og_locale":"en_US","og_type":"article","og_title":"Startseite - longminds","og_description":"Entdecken Sie das Potenzial ukrainischer IT-Entwickler f\u00fcr Ihre Projekte. Mit \u00fcber 25 Jahren Erfahrung bieten wir ma\u00dfgeschneiderte L\u00f6sungen.","og_url":"https:\/\/longminds.de\/en\/","og_site_name":"longminds","article_modified_time":"2024-04-29T21:22:30+00:00","twitter_card":"summary_large_image","twitter_misc":{"Est. reading time":"1 minute"},"schema":{"@context":"https:\/\/schema.org","@graph":[{"@type":"WebPage","@id":"http:\/\/longminds.de\/","url":"http:\/\/longminds.de\/","name":"Startseite - longminds","isPartOf":{"@id":"https:\/\/longminds.de\/#website"},"datePublished":"2024-04-15T15:30:13+00:00","dateModified":"2024-04-29T21:22:30+00:00","description":"Entdecken Sie das Potenzial ukrainischer IT-Entwickler f\u00fcr Ihre Projekte. Mit \u00fcber 25 Jahren Erfahrung bieten wir ma\u00dfgeschneiderte L\u00f6sungen.","breadcrumb":{"@id":"http:\/\/longminds.de\/#breadcrumb"},"inLanguage":"en-US","potentialAction":[{"@type":"ReadAction","target":["http:\/\/longminds.de\/"]}]},{"@type":"BreadcrumbList","@id":"http:\/\/longminds.de\/#breadcrumb","itemListElement":[{"@type":"ListItem","position":1,"name":"Startseite","item":"http:\/\/longminds.de\/"},{"@type":"ListItem","position":2,"name":"Startseite"}]},{"@type":"WebSite","@id":"https:\/\/longminds.de\/#website","url":"https:\/\/longminds.de\/","name":"longminds","description":"","publisher":{"@id":"https:\/\/longminds.de\/#organization"},"potentialAction":[{"@type":"SearchAction","target":{"@type":"EntryPoint","urlTemplate":"https:\/\/longminds.de\/?s={search_term_string}"},"query-input":"required name=search_term_string"}],"inLanguage":"en-US"},{"@type":"Organization","@id":"https:\/\/longminds.de\/#organization","name":"longminds","url":"https:\/\/longminds.de\/","logo":{"@type":"ImageObject","inLanguage":"en-US","@id":"https:\/\/longminds.de\/#\/schema\/logo\/image\/","url":"https:\/\/longminds.de\/wp-content\/uploads\/2024\/04\/cropped-logo_longminds_white_150_86.png","contentUrl":"https:\/\/longminds.de\/wp-content\/uploads\/2024\/04\/cropped-logo_longminds_white_150_86.png","width":150,"height":86,"caption":"longminds"},"image":{"@id":"https:\/\/longminds.de\/#\/schema\/logo\/image\/"}}]}},"_links":{"self":[{"href":"https:\/\/longminds.de\/en\/wp-json\/wp\/v2\/pages\/7","targetHints":{"allow":["GET"]}}],"collection":[{"href":"https:\/\/longminds.de\/en\/wp-json\/wp\/v2\/pages"}],"about":[{"href":"https:\/\/longminds.de\/en\/wp-json\/wp\/v2\/types\/page"}],"author":[{"embeddable":true,"href":"https:\/\/longminds.de\/en\/wp-json\/wp\/v2\/users\/1"}],"replies":[{"embeddable":true,"href":"https:\/\/longminds.de\/en\/wp-json\/wp\/v2\/comments?post=7"}],"version-history":[{"count":1,"href":"https:\/\/longminds.de\/en\/wp-json\/wp\/v2\/pages\/7\/revisions"}],"predecessor-version":[{"id":10,"href":"https:\/\/longminds.de\/en\/wp-json\/wp\/v2\/pages\/7\/revisions\/10"}],"wp:attachment":[{"href":"https:\/\/longminds.de\/en\/wp-json\/wp\/v2\/media?parent=7"}],"curies":[{"name":"wp","href":"https:\/\/api.w.org\/{rel}","templated":true}]}}