{"id":142,"date":"2024-04-17T08:17:42","date_gmt":"2024-04-17T06:17:42","guid":{"rendered":"https:\/\/longminds.de\/?page_id=142"},"modified":"2024-04-29T11:24:01","modified_gmt":"2024-04-29T09:24:01","slug":"wer-sind-wir-2","status":"publish","type":"page","link":"https:\/\/longminds.de\/en\/wer-sind-wir-2\/","title":{"rendered":"Who we are"},"content":{"rendered":"<p>Our team consists of experienced members, each with over ten years of expertise in the IT sector. Each team member brings a wide range of skills and knowledge to meet the diverse requirements of the industry. Together, we have successfully completed numerous software and infrastructure projects with large and small teams of national or international origin.<\/p>","protected":false},"excerpt":{"rendered":"<p>Unser Team besteht erfahrenen Mitgliedern mit jeweils \u00fcber zehn Jahren Expertise im IT-Sektor. Jedes Teammitglied bringt ein breites Spektrum an F\u00e4higkeiten und Fachwissen mit, um die vielf\u00e4ltigen Anforderungen der Branche &hellip; <\/p>","protected":false},"author":1,"featured_media":77,"parent":0,"menu_order":0,"comment_status":"closed","ping_status":"closed","template":"","meta":{"footnotes":""},"class_list":["post-142","page","type-page","status-publish","has-post-thumbnail","hentry"],"yoast_head":"<!-- This site is optimized with the Yoast SEO plugin v22.5 - https:\/\/yoast.com\/wordpress\/plugins\/seo\/ -->\n<title>Wer sind wir? - longminds<\/title>\n<meta name=\"robots\" content=\"index, follow, max-snippet:-1, max-image-preview:large, max-video-preview:-1\" \/>\n<link rel=\"canonical\" href=\"https:\/\/longminds.de\/en\/wer-sind-wir-2\/\" \/>\n<meta property=\"og:locale\" content=\"en_US\" \/>\n<meta property=\"og:type\" content=\"article\" \/>\n<meta property=\"og:title\" content=\"Wer sind wir? - longminds\" \/>\n<meta property=\"og:description\" content=\"Unser Team besteht erfahrenen Mitgliedern mit jeweils \u00fcber zehn Jahren Expertise im IT-Sektor. Jedes Teammitglied bringt ein breites Spektrum an F\u00e4higkeiten und Fachwissen mit, um die vielf\u00e4ltigen Anforderungen der Branche &hellip;\" \/>\n<meta property=\"og:url\" content=\"https:\/\/longminds.de\/en\/wer-sind-wir-2\/\" \/>\n<meta property=\"og:site_name\" content=\"longminds\" \/>\n<meta property=\"article:modified_time\" content=\"2024-04-29T09:24:01+00:00\" \/>\n<meta property=\"og:image\" content=\"https:\/\/longminds.de\/wp-content\/uploads\/2024\/04\/ben-hershey-ZmV395PJMXg-unsplash-scaled.jpg\" \/>\n\t<meta property=\"og:image:width\" content=\"2560\" \/>\n\t<meta property=\"og:image:height\" content=\"1501\" \/>\n\t<meta property=\"og:image:type\" content=\"image\/jpeg\" \/>\n<meta name=\"twitter:card\" content=\"summary_large_image\" \/>\n<meta name=\"twitter:label1\" content=\"Est. reading time\" \/>\n\t<meta name=\"twitter:data1\" content=\"1 minute\" \/>\n<script type=\"application\/ld+json\" class=\"yoast-schema-graph\">{\"@context\":\"https:\/\/schema.org\",\"@graph\":[{\"@type\":\"WebPage\",\"@id\":\"https:\/\/longminds.de\/wer-sind-wir-2\/\",\"url\":\"https:\/\/longminds.de\/wer-sind-wir-2\/\",\"name\":\"Wer sind wir? - longminds\",\"isPartOf\":{\"@id\":\"https:\/\/longminds.de\/#website\"},\"primaryImageOfPage\":{\"@id\":\"https:\/\/longminds.de\/wer-sind-wir-2\/#primaryimage\"},\"image\":{\"@id\":\"https:\/\/longminds.de\/wer-sind-wir-2\/#primaryimage\"},\"thumbnailUrl\":\"https:\/\/longminds.de\/wp-content\/uploads\/2024\/04\/ben-hershey-ZmV395PJMXg-unsplash-scaled.jpg\",\"datePublished\":\"2024-04-17T06:17:42+00:00\",\"dateModified\":\"2024-04-29T09:24:01+00:00\",\"breadcrumb\":{\"@id\":\"https:\/\/longminds.de\/wer-sind-wir-2\/#breadcrumb\"},\"inLanguage\":\"en-US\",\"potentialAction\":[{\"@type\":\"ReadAction\",\"target\":[\"https:\/\/longminds.de\/wer-sind-wir-2\/\"]}]},{\"@type\":\"ImageObject\",\"inLanguage\":\"en-US\",\"@id\":\"https:\/\/longminds.de\/wer-sind-wir-2\/#primaryimage\",\"url\":\"https:\/\/longminds.de\/wp-content\/uploads\/2024\/04\/ben-hershey-ZmV395PJMXg-unsplash-scaled.jpg\",\"contentUrl\":\"https:\/\/longminds.de\/wp-content\/uploads\/2024\/04\/ben-hershey-ZmV395PJMXg-unsplash-scaled.jpg\",\"width\":2560,\"height\":1501},{\"@type\":\"BreadcrumbList\",\"@id\":\"https:\/\/longminds.de\/wer-sind-wir-2\/#breadcrumb\",\"itemListElement\":[{\"@type\":\"ListItem\",\"position\":1,\"name\":\"Startseite\",\"item\":\"http:\/\/longminds.de\/\"},{\"@type\":\"ListItem\",\"position\":2,\"name\":\"Wer sind wir?\"}]},{\"@type\":\"WebSite\",\"@id\":\"https:\/\/longminds.de\/#website\",\"url\":\"https:\/\/longminds.de\/\",\"name\":\"longminds\",\"description\":\"\",\"publisher\":{\"@id\":\"https:\/\/longminds.de\/#organization\"},\"potentialAction\":[{\"@type\":\"SearchAction\",\"target\":{\"@type\":\"EntryPoint\",\"urlTemplate\":\"https:\/\/longminds.de\/?s={search_term_string}\"},\"query-input\":\"required name=search_term_string\"}],\"inLanguage\":\"en-US\"},{\"@type\":\"Organization\",\"@id\":\"https:\/\/longminds.de\/#organization\",\"name\":\"longminds\",\"url\":\"https:\/\/longminds.de\/\",\"logo\":{\"@type\":\"ImageObject\",\"inLanguage\":\"en-US\",\"@id\":\"https:\/\/longminds.de\/#\/schema\/logo\/image\/\",\"url\":\"https:\/\/longminds.de\/wp-content\/uploads\/2024\/04\/cropped-logo_longminds_white_150_86.png\",\"contentUrl\":\"https:\/\/longminds.de\/wp-content\/uploads\/2024\/04\/cropped-logo_longminds_white_150_86.png\",\"width\":150,\"height\":86,\"caption\":\"longminds\"},\"image\":{\"@id\":\"https:\/\/longminds.de\/#\/schema\/logo\/image\/\"}}]}<\/script>\n<!-- \/ Yoast SEO plugin. -->","yoast_head_json":{"title":"Wer sind wir? - longminds","robots":{"index":"index","follow":"follow","max-snippet":"max-snippet:-1","max-image-preview":"max-image-preview:large","max-video-preview":"max-video-preview:-1"},"canonical":"https:\/\/longminds.de\/en\/wer-sind-wir-2\/","og_locale":"en_US","og_type":"article","og_title":"Wer sind wir? - longminds","og_description":"Unser Team besteht erfahrenen Mitgliedern mit jeweils \u00fcber zehn Jahren Expertise im IT-Sektor. Jedes Teammitglied bringt ein breites Spektrum an F\u00e4higkeiten und Fachwissen mit, um die vielf\u00e4ltigen Anforderungen der Branche &hellip;","og_url":"https:\/\/longminds.de\/en\/wer-sind-wir-2\/","og_site_name":"longminds","article_modified_time":"2024-04-29T09:24:01+00:00","og_image":[{"width":2560,"height":1501,"url":"https:\/\/longminds.de\/wp-content\/uploads\/2024\/04\/ben-hershey-ZmV395PJMXg-unsplash-scaled.jpg","type":"image\/jpeg"}],"twitter_card":"summary_large_image","twitter_misc":{"Est. reading time":"1 minute"},"schema":{"@context":"https:\/\/schema.org","@graph":[{"@type":"WebPage","@id":"https:\/\/longminds.de\/wer-sind-wir-2\/","url":"https:\/\/longminds.de\/wer-sind-wir-2\/","name":"Wer sind wir? - longminds","isPartOf":{"@id":"https:\/\/longminds.de\/#website"},"primaryImageOfPage":{"@id":"https:\/\/longminds.de\/wer-sind-wir-2\/#primaryimage"},"image":{"@id":"https:\/\/longminds.de\/wer-sind-wir-2\/#primaryimage"},"thumbnailUrl":"https:\/\/longminds.de\/wp-content\/uploads\/2024\/04\/ben-hershey-ZmV395PJMXg-unsplash-scaled.jpg","datePublished":"2024-04-17T06:17:42+00:00","dateModified":"2024-04-29T09:24:01+00:00","breadcrumb":{"@id":"https:\/\/longminds.de\/wer-sind-wir-2\/#breadcrumb"},"inLanguage":"en-US","potentialAction":[{"@type":"ReadAction","target":["https:\/\/longminds.de\/wer-sind-wir-2\/"]}]},{"@type":"ImageObject","inLanguage":"en-US","@id":"https:\/\/longminds.de\/wer-sind-wir-2\/#primaryimage","url":"https:\/\/longminds.de\/wp-content\/uploads\/2024\/04\/ben-hershey-ZmV395PJMXg-unsplash-scaled.jpg","contentUrl":"https:\/\/longminds.de\/wp-content\/uploads\/2024\/04\/ben-hershey-ZmV395PJMXg-unsplash-scaled.jpg","width":2560,"height":1501},{"@type":"BreadcrumbList","@id":"https:\/\/longminds.de\/wer-sind-wir-2\/#breadcrumb","itemListElement":[{"@type":"ListItem","position":1,"name":"Startseite","item":"http:\/\/longminds.de\/"},{"@type":"ListItem","position":2,"name":"Wer sind wir?"}]},{"@type":"WebSite","@id":"https:\/\/longminds.de\/#website","url":"https:\/\/longminds.de\/","name":"longminds","description":"","publisher":{"@id":"https:\/\/longminds.de\/#organization"},"potentialAction":[{"@type":"SearchAction","target":{"@type":"EntryPoint","urlTemplate":"https:\/\/longminds.de\/?s={search_term_string}"},"query-input":"required name=search_term_string"}],"inLanguage":"en-US"},{"@type":"Organization","@id":"https:\/\/longminds.de\/#organization","name":"longminds","url":"https:\/\/longminds.de\/","logo":{"@type":"ImageObject","inLanguage":"en-US","@id":"https:\/\/longminds.de\/#\/schema\/logo\/image\/","url":"https:\/\/longminds.de\/wp-content\/uploads\/2024\/04\/cropped-logo_longminds_white_150_86.png","contentUrl":"https:\/\/longminds.de\/wp-content\/uploads\/2024\/04\/cropped-logo_longminds_white_150_86.png","width":150,"height":86,"caption":"longminds"},"image":{"@id":"https:\/\/longminds.de\/#\/schema\/logo\/image\/"}}]}},"_links":{"self":[{"href":"https:\/\/longminds.de\/en\/wp-json\/wp\/v2\/pages\/142","targetHints":{"allow":["GET"]}}],"collection":[{"href":"https:\/\/longminds.de\/en\/wp-json\/wp\/v2\/pages"}],"about":[{"href":"https:\/\/longminds.de\/en\/wp-json\/wp\/v2\/types\/page"}],"author":[{"embeddable":true,"href":"https:\/\/longminds.de\/en\/wp-json\/wp\/v2\/users\/1"}],"replies":[{"embeddable":true,"href":"https:\/\/longminds.de\/en\/wp-json\/wp\/v2\/comments?post=142"}],"version-history":[{"count":2,"href":"https:\/\/longminds.de\/en\/wp-json\/wp\/v2\/pages\/142\/revisions"}],"predecessor-version":[{"id":339,"href":"https:\/\/longminds.de\/en\/wp-json\/wp\/v2\/pages\/142\/revisions\/339"}],"wp:featuredmedia":[{"embeddable":true,"href":"https:\/\/longminds.de\/en\/wp-json\/wp\/v2\/media\/77"}],"wp:attachment":[{"href":"https:\/\/longminds.de\/en\/wp-json\/wp\/v2\/media?parent=142"}],"curies":[{"name":"wp","href":"https:\/\/api.w.org\/{rel}","templated":true}]}}